{"id":1065,"date":"2022-10-10T13:12:27","date_gmt":"2022-10-10T12:12:27","guid":{"rendered":"http:\/\/www.preprod.drone-pro360.com\/?page_id=1065"},"modified":"2023-01-20T09:07:13","modified_gmt":"2023-01-20T08:07:13","slug":"assurance-drone","status":"publish","type":"page","link":"https:\/\/www.preprod.drone-pro360.com\/index.php\/assurance-drone\/","title":{"rendered":"ASSURANCE DRONE"},"content":{"rendered":"\t\t<div data-elementor-type=\"wp-page\" data-elementor-id=\"1065\" class=\"elementor elementor-1065\" data-elementor-post-type=\"page\">\n\t\t\t\t\t\t<section class=\"elementor-section elementor-top-section elementor-element elementor-element-b09bbc elementor-section-height-min-height elementor-section-stretched elementor-section-boxed elementor-section-height-default elementor-section-items-middle\" data-id=\"b09bbc\" data-element_type=\"section\" data-e-type=\"section\" data-settings=\"{&quot;background_background&quot;:&quot;classic&quot;,&quot;background_motion_fx_scale_effect&quot;:&quot;yes&quot;,&quot;background_motion_fx_scale_speed&quot;:{&quot;unit&quot;:&quot;px&quot;,&quot;size&quot;:1,&quot;sizes&quot;:[]},&quot;background_motion_fx_scale_range&quot;:{&quot;unit&quot;:&quot;%&quot;,&quot;size&quot;:&quot;&quot;,&quot;sizes&quot;:{&quot;start&quot;:0,&quot;end&quot;:100}},&quot;background_motion_fx_motion_fx_scrolling&quot;:&quot;yes&quot;,&quot;stretch_section&quot;:&quot;section-stretched&quot;,&quot;background_motion_fx_scale_direction&quot;:&quot;out-in&quot;,&quot;background_motion_fx_devices&quot;:[&quot;desktop&quot;,&quot;tablet&quot;,&quot;mobile&quot;]}\">\n\t\t\t\t\t\t\t<div class=\"elementor-background-overlay\"><\/div>\n\t\t\t\t\t\t\t<div class=\"elementor-container elementor-column-gap-no\">\n\t\t\t\t\t<div class=\"elementor-column elementor-col-33 elementor-top-column elementor-element elementor-element-6907cf49\" data-id=\"6907cf49\" data-element_type=\"column\" data-e-type=\"column\">\n\t\t\t<div class=\"elementor-widget-wrap elementor-element-populated\">\n\t\t\t\t\t\t<div class=\"elementor-element elementor-element-6e1581cc elementor-invisible elementor-widget elementor-widget-heading\" data-id=\"6e1581cc\" data-element_type=\"widget\" data-e-type=\"widget\" data-settings=\"{&quot;_animation&quot;:&quot;fadeIn&quot;,&quot;_animation_delay&quot;:200}\" data-widget_type=\"heading.default\">\n\t\t\t\t<div class=\"elementor-widget-container\">\n\t\t\t\t\t<p class=\"elementor-heading-title elementor-size-default\">Nicolas Calm\u00e9\nPr\u00e9sident\n<\/p>\t\t\t\t<\/div>\n\t\t\t\t<\/div>\n\t\t\t\t\t<\/div>\n\t\t<\/div>\n\t\t\t\t<div class=\"elementor-column elementor-col-33 elementor-top-column elementor-element elementor-element-6916a1f2\" data-id=\"6916a1f2\" data-element_type=\"column\" data-e-type=\"column\" data-settings=\"{&quot;background_background&quot;:&quot;classic&quot;}\">\n\t\t\t<div class=\"elementor-widget-wrap elementor-element-populated\">\n\t\t\t\t\t\t<div class=\"elementor-element elementor-element-1b2f9e43 elementor-widget elementor-widget-image\" data-id=\"1b2f9e43\" data-element_type=\"widget\" data-e-type=\"widget\" data-settings=\"{&quot;motion_fx_motion_fx_scrolling&quot;:&quot;yes&quot;,&quot;motion_fx_scale_effect&quot;:&quot;yes&quot;,&quot;motion_fx_scale_speed&quot;:{&quot;unit&quot;:&quot;px&quot;,&quot;size&quot;:-2,&quot;sizes&quot;:[]},&quot;motion_fx_scale_range&quot;:{&quot;unit&quot;:&quot;%&quot;,&quot;size&quot;:&quot;&quot;,&quot;sizes&quot;:{&quot;start&quot;:40,&quot;end&quot;:100}},&quot;motion_fx_scale_direction&quot;:&quot;out-in&quot;,&quot;motion_fx_devices&quot;:[&quot;desktop&quot;,&quot;tablet&quot;,&quot;mobile&quot;]}\" data-widget_type=\"image.default\">\n\t\t\t\t<div class=\"elementor-widget-container\">\n\t\t\t\t\t\t\t\t\t\t\t\t\t\t\t\t<a href=\"http:\/\/www.hnassurances.fr\/\">\n\t\t\t\t\t\t\t<img fetchpriority=\"high\" decoding=\"async\" width=\"500\" height=\"500\" src=\"https:\/\/www.preprod.drone-pro360.com\/wp-content\/uploads\/2022\/10\/Logo-2-1-1.png\" class=\"attachment-large size-large wp-image-1083\" alt=\"\" srcset=\"https:\/\/www.preprod.drone-pro360.com\/wp-content\/uploads\/2022\/10\/Logo-2-1-1.png 500w, https:\/\/www.preprod.drone-pro360.com\/wp-content\/uploads\/2022\/10\/Logo-2-1-1-300x300.png 300w, https:\/\/www.preprod.drone-pro360.com\/wp-content\/uploads\/2022\/10\/Logo-2-1-1-150x150.png 150w, https:\/\/www.preprod.drone-pro360.com\/wp-content\/uploads\/2022\/10\/Logo-2-1-1-100x100.png 100w\" sizes=\"100vw\" \/>\t\t\t\t\t\t\t\t<\/a>\n\t\t\t\t\t\t\t\t\t\t\t\t\t\t\t<\/div>\n\t\t\t\t<\/div>\n\t\t\t\t\t<\/div>\n\t\t<\/div>\n\t\t\t\t<div class=\"elementor-column elementor-col-33 elementor-top-column elementor-element elementor-element-5e24c9cd\" data-id=\"5e24c9cd\" data-element_type=\"column\" data-e-type=\"column\">\n\t\t\t<div class=\"elementor-widget-wrap elementor-element-populated\">\n\t\t\t\t\t\t<div class=\"elementor-element elementor-element-2beb006e elementor-invisible elementor-widget elementor-widget-text-editor\" data-id=\"2beb006e\" data-element_type=\"widget\" data-e-type=\"widget\" data-settings=\"{&quot;_animation&quot;:&quot;fadeIn&quot;,&quot;_animation_delay&quot;:400}\" data-widget_type=\"text-editor.default\">\n\t\t\t\t<div class=\"elementor-widget-container\">\n\t\t\t\t\t\t\t\t\t<p><b>SAS H&amp;N ASSURANCES <\/b><b>COURTIER EN ASSURANCES PROS ET PARTICULIERS<\/b>\u00a0<b>127 GRAND RUE <\/b><b>57050 LORRY LES METZ.<\/b><\/p><p><b>T\u00e9l : 03 87 32 95 35<\/b><\/p><p><b>T\u00e9l Nicolas Calm\u00e9: <\/b><b>06 80 36 96 78<\/b><\/p><p><b>Mail :\u00a0<a href=\"mailto:hn-assurances@orange.fr\" target=\"_blank\" rel=\"noopener noreferrer\">hn-assurances@orange.fr<\/a><\/b><\/p><p><b>N\u00b0 ORIAS 1800312<\/b><\/p>\t\t\t\t\t\t\t\t<\/div>\n\t\t\t\t<\/div>\n\t\t\t\t<div class=\"elementor-element elementor-element-511bbe4d elementor-view-default elementor-invisible elementor-widget elementor-widget-icon\" data-id=\"511bbe4d\" data-element_type=\"widget\" data-e-type=\"widget\" data-settings=\"{&quot;_animation&quot;:&quot;fadeInDown&quot;,&quot;_animation_delay&quot;:600}\" data-widget_type=\"icon.default\">\n\t\t\t\t<div class=\"elementor-widget-container\">\n\t\t\t\t\t\t\t<div class=\"elementor-icon-wrapper\">\n\t\t\t<a class=\"elementor-icon elementor-animation-sink\" href=\"#services\">\n\t\t\t\t\t\t<\/a>\n\t\t<\/div>\n\t\t\t\t\t\t<\/div>\n\t\t\t\t<\/div>\n\t\t\t\t\t<\/div>\n\t\t<\/div>\n\t\t\t\t\t<\/div>\n\t\t<\/section>\n\t\t\t\t<section class=\"elementor-section elementor-top-section elementor-element elementor-element-13378897 elementor-section-stretched elementor-section-boxed elementor-section-height-default elementor-section-height-default\" data-id=\"13378897\" data-element_type=\"section\" data-e-type=\"section\" id=\"services\" data-settings=\"{&quot;background_background&quot;:&quot;classic&quot;,&quot;stretch_section&quot;:&quot;section-stretched&quot;}\">\n\t\t\t\t\t\t<div class=\"elementor-container elementor-column-gap-no\">\n\t\t\t\t\t<div class=\"elementor-column elementor-col-50 elementor-top-column elementor-element elementor-element-40d6e375\" data-id=\"40d6e375\" data-element_type=\"column\" data-e-type=\"column\">\n\t\t\t<div class=\"elementor-widget-wrap elementor-element-populated\">\n\t\t\t\t\t\t<div class=\"elementor-element elementor-element-568253f7 elementor-position-inline-start elementor-view-default elementor-mobile-position-block-start elementor-invisible elementor-widget elementor-widget-icon-box\" data-id=\"568253f7\" data-element_type=\"widget\" data-e-type=\"widget\" data-settings=\"{&quot;_animation&quot;:&quot;fadeIn&quot;}\" data-widget_type=\"icon-box.default\">\n\t\t\t\t<div class=\"elementor-widget-container\">\n\t\t\t\t\t\t\t<div class=\"elementor-icon-box-wrapper\">\n\n\t\t\t\t\t\t<div class=\"elementor-icon-box-icon\">\n\t\t\t\t<span  class=\"elementor-icon\">\n\t\t\t\t\t\t\t\t<\/span>\n\t\t\t<\/div>\n\t\t\t\n\t\t\t\t\t\t<div class=\"elementor-icon-box-content\">\n\n\t\t\t\t\t\t\t\t\t<h3 class=\"elementor-icon-box-title\">\n\t\t\t\t\t\t<span  >\n\t\t\t\t\t\t\tASSURANCE DRONE  Ces petits engins volants sans pilote \u00e0 bord envahissent le monde.\t\t\t\t\t\t<\/span>\n\t\t\t\t\t<\/h3>\n\t\t\t\t\n\t\t\t\t\t\t\t\t\t<p class=\"elementor-icon-box-description\">\n\t\t\t\t\t\tCette nouvelle tendance offre de nombreuses possibilit\u00e9s et opportunit\u00e9s  dans de nouveaux m\u00e9tiers professionnels avec cet outil remarquable le DRONE.( voir les m\u00e9tiers du drone)\n\nAu c\u0153ur de nouvelles applications d\u2019imageries, au potentiel \u00e9conomique consid\u00e9rable, le DRONE devient le partenaire id\u00e9al pour facilit\u00e9, la tache de travail compliqu\u00e9e voir inaccessible au sol.\n\nLe drone embarque des appareils photos , cam\u00e9ras, capteurs sp\u00e9cialis\u00e9s comme le thermique, multispectral, des chargements pour le traitement de pesticide ou largage de trichogramme  en agriculture et bien d\u2019autres applications.\n\nSon avantage est sa facilit\u00e9 d\u2019utilisation, son efficacit\u00e9, sa fiabilit\u00e9 sont autant de choses pour obtenir des r\u00e9sultats exceptionnel et pr\u00e9cis. Depuis quelques ann\u00e9es ont assiste \u00e0 une croissance et un engouement vertigineux de l\u2019industrie drone, sans oublier le drone de loisir de monsieur tout le monde qui l\u2019utilise \u00e0 des fins personnels, sans savoir les pr\u00e9cautions de s\u00e9curit\u00e9, la r\u00e9glementation a\u00e9rienne et le droit \u00e0 l\u2019image. ( voir rubrique drone de loisir)\n\nDans le cadre de cette nouvelle tendance nous faisons sur le pole innovant de la cit\u00e9 d\u2019entreprise \u00e0 MACON 71 de la pr\u00e9vention a\u00e9rienne de s\u00e9curit\u00e9 DRONE LOISIR( initiation drone adulte et enfant) et de la formation DRONE PROFESSIONNEL ( voir rubrique formation drone). Il est \u00e9vidant que cela suscite beaucoup d\u2019interrogation et de doute concernant les vols  DRONE .\t\t\t\t\t<\/p>\n\t\t\t\t\n\t\t\t<\/div>\n\t\t\t\n\t\t<\/div>\n\t\t\t\t\t\t<\/div>\n\t\t\t\t<\/div>\n\t\t\t\t<div class=\"elementor-element elementor-element-37acfe92 elementor-position-inline-start elementor-view-default elementor-mobile-position-block-start elementor-invisible elementor-widget elementor-widget-icon-box\" data-id=\"37acfe92\" data-element_type=\"widget\" data-e-type=\"widget\" data-settings=\"{&quot;_animation&quot;:&quot;fadeIn&quot;}\" data-widget_type=\"icon-box.default\">\n\t\t\t\t<div class=\"elementor-widget-container\">\n\t\t\t\t\t\t\t<div class=\"elementor-icon-box-wrapper\">\n\n\t\t\t\t\t\t<div class=\"elementor-icon-box-icon\">\n\t\t\t\t<span  class=\"elementor-icon\">\n\t\t\t\t\t\t\t\t<\/span>\n\t\t\t<\/div>\n\t\t\t\n\t\t\t\t\t\t<div class=\"elementor-icon-box-content\">\n\n\t\t\t\t\t\t\t\t\t<h3 class=\"elementor-icon-box-title\">\n\t\t\t\t\t\t<span  >\n\t\t\t\t\t\t\tOu voler ?\t\t\t\t\t\t<\/span>\n\t\t\t\t\t<\/h3>\n\t\t\t\t\n\t\t\t\t\t\t\t\t\t<p class=\"elementor-icon-box-description\">\n\t\t\t\t\t\tmais surtout posez vous les bonnes questions, \u00eates vous pilote drone professionnel ou pilote drone de loisir ? Premi\u00e8re chose : faire la diff\u00e9rence du DRONE PROFESSIONNEL et LOISIR le drone de loisir est  utilis\u00e9 dans un but de loisir ou de comp\u00e9tition (drone de course). vous n\u2019avez pas le droit de filmer ou de photographier, ni de commercialis\u00e9 les images, ni de les exploiter sur les r\u00e9seaux sociaux, tel que FB, YOUTUBE etc.\n\nVous n\u2019avez pas le droit de voler en dehors de votre jardin, ni de survoler une agglom\u00e9ration ou des personnes (voir les 10 r\u00e8gles d\u2019or en dessous).On appelle cette activit\u00e9 DRONE DE LOISIR\n\nle drone professionnel est utilis\u00e9 comme outil de travail avec des cam\u00e9ras et capteurs embarqu\u00e9s . Avec la possibilit\u00e9 d\u2019utiliser les images ou donn\u00e9es recueillies et de les commercialiser. le pilote professionnel drone applique selon les sc\u00e9narii de ses missions des demandes d\u2019autorisation aupr\u00e8s de la DSAC et pr\u00e9fecture.\n\nDonc on peut classer le drone en 2 cat\u00e9gories, selon la r\u00e9glementation a\u00e9rienne :\t\t\t\t\t<\/p>\n\t\t\t\t\n\t\t\t<\/div>\n\t\t\t\n\t\t<\/div>\n\t\t\t\t\t\t<\/div>\n\t\t\t\t<\/div>\n\t\t\t\t<div class=\"elementor-element elementor-element-635ae69 elementor-widget elementor-widget-heading\" data-id=\"635ae69\" data-element_type=\"widget\" data-e-type=\"widget\" data-widget_type=\"heading.default\">\n\t\t\t\t<div class=\"elementor-widget-container\">\n\t\t\t\t\t<h2 class=\"elementor-heading-title elementor-size-default\"><a href=\"http:\/\/www.hnassurances.fr\/\">www.hnassurances.fr\/<\/a><\/h2>\t\t\t\t<\/div>\n\t\t\t\t<\/div>\n\t\t\t\t\t<\/div>\n\t\t<\/div>\n\t\t\t\t<div class=\"elementor-column elementor-col-50 elementor-top-column elementor-element elementor-element-7d04ed42\" data-id=\"7d04ed42\" data-element_type=\"column\" data-e-type=\"column\">\n\t\t\t<div class=\"elementor-widget-wrap elementor-element-populated\">\n\t\t\t\t\t\t<div class=\"elementor-element elementor-element-508c3044 elementor-position-inline-start elementor-view-default elementor-mobile-position-block-start elementor-invisible elementor-widget elementor-widget-icon-box\" data-id=\"508c3044\" data-element_type=\"widget\" data-e-type=\"widget\" data-settings=\"{&quot;_animation&quot;:&quot;fadeIn&quot;}\" data-widget_type=\"icon-box.default\">\n\t\t\t\t<div class=\"elementor-widget-container\">\n\t\t\t\t\t\t\t<div class=\"elementor-icon-box-wrapper\">\n\n\t\t\t\t\t\t<div class=\"elementor-icon-box-icon\">\n\t\t\t\t<span  class=\"elementor-icon\">\n\t\t\t\t\t\t\t\t<\/span>\n\t\t\t<\/div>\n\t\t\t\n\t\t\t\t\t\t<div class=\"elementor-icon-box-content\">\n\n\t\t\t\t\t\t\t\t\t<h3 class=\"elementor-icon-box-title\">\n\t\t\t\t\t\t<span  >\n\t\t\t\t\t\t\tDRONE CAT\u00c9GORIE A : LOISIR\t\t\t\t\t\t<\/span>\n\t\t\t\t\t<\/h3>\n\t\t\t\t\n\t\t\t\t\t\t\t\t\t<p class=\"elementor-icon-box-description\">\n\t\t\t\t\t\tA\u00e9romod\u00e8les captifs (reli\u00e9s au sol ou \u00e0 une personne) pesant jusqu\u2019\u00e0 150 kg.\t\t\t\t\t<\/p>\n\t\t\t\t\n\t\t\t<\/div>\n\t\t\t\n\t\t<\/div>\n\t\t\t\t\t\t<\/div>\n\t\t\t\t<\/div>\n\t\t\t\t<div class=\"elementor-element elementor-element-dd82af1 elementor-position-inline-start elementor-view-default elementor-mobile-position-block-start elementor-invisible elementor-widget elementor-widget-icon-box\" data-id=\"dd82af1\" data-element_type=\"widget\" data-e-type=\"widget\" data-settings=\"{&quot;_animation&quot;:&quot;fadeIn&quot;}\" data-widget_type=\"icon-box.default\">\n\t\t\t\t<div class=\"elementor-widget-container\">\n\t\t\t\t\t\t\t<div class=\"elementor-icon-box-wrapper\">\n\n\t\t\t\t\t\t<div class=\"elementor-icon-box-icon\">\n\t\t\t\t<span  class=\"elementor-icon\">\n\t\t\t\t\t\t\t\t<\/span>\n\t\t\t<\/div>\n\t\t\t\n\t\t\t\t\t\t<div class=\"elementor-icon-box-content\">\n\n\t\t\t\t\t\t\t\t\t<h3 class=\"elementor-icon-box-title\">\n\t\t\t\t\t\t<span  >\n\t\t\t\t\t\t\tDRONE CAT\u00c9GORIE B: PROFESSIONNEL\t\t\t\t\t\t<\/span>\n\t\t\t\t\t<\/h3>\n\t\t\t\t\n\t\t\t\t\t\t\t\t\t<p class=\"elementor-icon-box-description\">\n\t\t\t\t\t\tA\u00e9romod\u00e8les non captifs ou captifs (poids inf\u00e9rieur ou \u00e9gal \u00e0 25 kg . Utilisation apr\u00e8s demande au pr\u00e9alable \u00e0 la DSAC (Direction de la S\u00e9curit\u00e9 de l\u2019Aviation Civile )  et ou \u00e0 la pr\u00e9fecture, selon le sc\u00e9nario de la mission en respectant l\u2019espace a\u00e9rien et les distances de vol horizontal et verticale et le droit \u00e0 l\u2019image. \nR\u00e9glementation drone  en vigueur Cette activit\u00e9 a\u00e9rienne est limit\u00e9e, par la r\u00e9glementation a\u00e9rienne quel que soit son utilisation drone de loisir ou drone professionnel. Ces engins volants rel\u00e8vent de la r\u00e9glementation applicable de l\u2019aviation civile selon l\u2019arr\u00eat\u00e9 publi\u00e9 le 17 d\u00e9cembre 2015, le premier relatif \u00e0 l\u2019utilisation de l\u2019espace a\u00e9rien par les drones et le second \u00e0 leurs conditions d\u2019utilisation et aux t\u00e9l\u00e9pilotes.  \t\t\t\t\t<\/p>\n\t\t\t\t\n\t\t\t<\/div>\n\t\t\t\n\t\t<\/div>\n\t\t\t\t\t\t<\/div>\n\t\t\t\t<\/div>\n\t\t\t\t<div class=\"elementor-element elementor-element-62ee7434 elementor-position-inline-start elementor-view-default elementor-mobile-position-block-start elementor-invisible elementor-widget elementor-widget-icon-box\" data-id=\"62ee7434\" data-element_type=\"widget\" data-e-type=\"widget\" data-settings=\"{&quot;_animation&quot;:&quot;fadeIn&quot;}\" data-widget_type=\"icon-box.default\">\n\t\t\t\t<div class=\"elementor-widget-container\">\n\t\t\t\t\t\t\t<div class=\"elementor-icon-box-wrapper\">\n\n\t\t\t\t\t\t<div class=\"elementor-icon-box-icon\">\n\t\t\t\t<span  class=\"elementor-icon\">\n\t\t\t\t\t\t\t\t<\/span>\n\t\t\t<\/div>\n\t\t\t\n\t\t\t\t\t\t<div class=\"elementor-icon-box-content\">\n\n\t\t\t\t\t\t\t\t\t<h3 class=\"elementor-icon-box-title\">\n\t\t\t\t\t\t<span  >\n\t\t\t\t\t\t\tLES 10 R\u00c8GLES D\u2019OR :\t\t\t\t\t\t<\/span>\n\t\t\t\t\t<\/h3>\n\t\t\t\t\n\t\t\t\t\t\t\t\t\t<p class=\"elementor-icon-box-description\">\n\t\t\t\t\t\tNe pas survoler une personne pour ne pas la mettre en danger, et \u00e9viter les rassemblements\nRespecter les hauteurs de vol : 120 m\u00e8tres d\u2019altitude maximum, et pas plus de 50 m\u00e8tres \u00e0 proximit\u00e9 des zones d\u2019entrainement militaires\nNe jamais perdre son drone de vue et ne pas l\u2019utiliser de nuit\nNe pas faire voler son drone au-dessus d\u2019un espace public en agglom\u00e9ration\nNe pas utiliser son a\u00e9romod\u00e8le \u00e0 proximit\u00e9 d\u2019un a\u00e9rodrome\nNe pas survoler de sites dits \u00ab sensibles \u00bb tels que les centrales nucl\u00e9aires, les monuments historiques, les zones militaires ou encore les parcs nationaux. Il est n\u00e9cessaire de se renseigner avant de faire voler son drone.\nRespecter la vie priv\u00e9e des autres : les drones ne sont pas des objets de surveillance, il ne faut donc pas s\u2019en servir, surtout lorsqu\u2019ils sont \u00e9quip\u00e9s de cam\u00e9ras, pour enregistrer des images, visages, plaques d\u2019immatriculation\u2026 \u00e0 l\u2019insu des personnes concern\u00e9es.\nLes images captur\u00e9es par le drone ne doivent pas \u00eatre diffus\u00e9es hors du cercle priv\u00e9, et ne doivent pas faire l\u2019objet d\u2019une activit\u00e9 commerciale\nV\u00e9rifiez les clauses de votre contrat de responsabilit\u00e9 civile : en cas de dommages ou d\u2019accidents celle-ci pourrait \u00eatre engag\u00e9e\nAvant tout, renseignez-vous ! L\u2019Aviation civile a mis en ligne un guide complet sur l\u2019a\u00e9romod\u00e9lisme \u00e0 cet effet.\nLe drone reste dangereux ,on doit respecter certaines r\u00e8gles et consignes pour \u00e9viter des causes d accidents , tel que des dommages aux infrastructures, ou de percuter d\u2019autres a\u00e9ronefs en vol ou de blesser gri\u00e8vement quelqu\u2019un . Selon la loi nous devons voler  \u00e0 une hauteur r\u00e9glementaire limit\u00e9  \u00e0 150 M mais dans certains endroits nous sommes limit\u00e9s plus bas voir interdit de voler. Nous utilisons les cartes a\u00e9ronautiques pour contr\u00f4ler la zone de vol possible ou non ( cartes a\u00e9ronautiques)   Toute infraction peut entra\u00eener jusqu\u2019\u00e0 1 an d\u2019emprisonnement et 75 000 \u20ac d\u2019amende.\t\t\t\t\t<\/p>\n\t\t\t\t\n\t\t\t<\/div>\n\t\t\t\n\t\t<\/div>\n\t\t\t\t\t\t<\/div>\n\t\t\t\t<\/div>\n\t\t\t\t\t<\/div>\n\t\t<\/div>\n\t\t\t\t\t<\/div>\n\t\t<\/section>\n\t\t\t\t<\/div>\n\t\t","protected":false},"excerpt":{"rendered":"<p>Nicolas Calm\u00e9 Pr\u00e9sident SAS H&amp;N ASSURANCES COURTIER EN ASSURANCES PROS ET PARTICULIERS\u00a0127 GRAND RUE 57050 LORRY LES METZ. T\u00e9l : 03 87 32 95 35 T\u00e9l Nicolas Calm\u00e9: 06 80 36 96 78 Mail :\u00a0hn-assurances@orange.fr N\u00b0 ORIAS 1800312 ASSURANCE DRONE Ces petits engins volants sans pilote \u00e0 bord envahissent le monde. Cette nouvelle tendance offre &hellip; <\/p>\n<p class=\"link-more\"><a href=\"https:\/\/www.preprod.drone-pro360.com\/index.php\/assurance-drone\/\" class=\"more-link\">Continuer la lecture<span class=\"screen-reader-text\"> de &laquo;&nbsp;ASSURANCE DRONE&nbsp;&raquo;<\/span><\/a><\/p>\n","protected":false},"author":3,"featured_media":0,"parent":0,"menu_order":0,"comment_status":"closed","ping_status":"closed","template":"","meta":{"footnotes":""},"class_list":["post-1065","page","type-page","status-publish","hentry"],"_links":{"self":[{"href":"https:\/\/www.preprod.drone-pro360.com\/index.php\/wp-json\/wp\/v2\/pages\/1065","targetHints":{"allow":["GET"]}}],"collection":[{"href":"https:\/\/www.preprod.drone-pro360.com\/index.php\/wp-json\/wp\/v2\/pages"}],"about":[{"href":"https:\/\/www.preprod.drone-pro360.com\/index.php\/wp-json\/wp\/v2\/types\/page"}],"author":[{"embeddable":true,"href":"https:\/\/www.preprod.drone-pro360.com\/index.php\/wp-json\/wp\/v2\/users\/3"}],"replies":[{"embeddable":true,"href":"https:\/\/www.preprod.drone-pro360.com\/index.php\/wp-json\/wp\/v2\/comments?post=1065"}],"version-history":[{"count":19,"href":"https:\/\/www.preprod.drone-pro360.com\/index.php\/wp-json\/wp\/v2\/pages\/1065\/revisions"}],"predecessor-version":[{"id":3428,"href":"https:\/\/www.preprod.drone-pro360.com\/index.php\/wp-json\/wp\/v2\/pages\/1065\/revisions\/3428"}],"wp:attachment":[{"href":"https:\/\/www.preprod.drone-pro360.com\/index.php\/wp-json\/wp\/v2\/media?parent=1065"}],"curies":[{"name":"wp","href":"https:\/\/api.w.org\/{rel}","templated":true}]}}