{"id":4065,"date":"2023-06-26T10:50:01","date_gmt":"2023-06-26T09:50:01","guid":{"rendered":"https:\/\/www.preprod.drone-pro360.com\/?page_id=4065"},"modified":"2023-06-26T10:56:31","modified_gmt":"2023-06-26T09:56:31","slug":"charte-de-protection-des-donnees-des-clients","status":"publish","type":"page","link":"https:\/\/www.preprod.drone-pro360.com\/index.php\/charte-de-protection-des-donnees-des-clients\/","title":{"rendered":"Charte de Protection des Donn\u00e9es des Clients"},"content":{"rendered":"\t\t<div data-elementor-type=\"wp-page\" data-elementor-id=\"4065\" class=\"elementor elementor-4065\" data-elementor-post-type=\"page\">\n\t\t\t\t\t\t<section class=\"elementor-section elementor-top-section elementor-element elementor-element-3c5d02e elementor-section-full_width elementor-section-stretched elementor-section-height-default elementor-section-height-default\" data-id=\"3c5d02e\" data-element_type=\"section\" data-e-type=\"section\" data-settings=\"{&quot;stretch_section&quot;:&quot;section-stretched&quot;}\">\n\t\t\t\t\t\t<div class=\"elementor-container elementor-column-gap-default\">\n\t\t\t\t\t<div class=\"elementor-column elementor-col-100 elementor-top-column elementor-element elementor-element-a3d2c2b\" data-id=\"a3d2c2b\" data-element_type=\"column\" data-e-type=\"column\">\n\t\t\t<div class=\"elementor-widget-wrap elementor-element-populated\">\n\t\t\t\t\t\t<div class=\"elementor-element elementor-element-70239dd elementor-widget-divider--view-line elementor-widget elementor-widget-divider\" data-id=\"70239dd\" data-element_type=\"widget\" data-e-type=\"widget\" data-widget_type=\"divider.default\">\n\t\t\t\t<div class=\"elementor-widget-container\">\n\t\t\t\t\t\t\t<div class=\"elementor-divider\">\n\t\t\t<span class=\"elementor-divider-separator\">\n\t\t\t\t\t\t<\/span>\n\t\t<\/div>\n\t\t\t\t\t\t<\/div>\n\t\t\t\t<\/div>\n\t\t\t\t<div class=\"elementor-element elementor-element-c6f9dff elementor-widget elementor-widget-text-editor\" data-id=\"c6f9dff\" data-element_type=\"widget\" data-e-type=\"widget\" data-widget_type=\"text-editor.default\">\n\t\t\t\t<div class=\"elementor-widget-container\">\n\t\t\t\t\t\t\t\t\t<p><strong>Charte de Protection des Donn\u00e9es des Clients<\/strong><\/p><p><span style=\"text-decoration: underline;\"><strong>1-Introduction<\/strong><\/span><\/p><p><strong>Cette charte de protection des donn\u00e9es de client (la \u00ab\u00a0Charte\u00a0\u00bb) vise \u00e0 informer nos clients sur la mani\u00e8re dont nous collectons, utilisons, divulguons et prot\u00e9geons leurs donn\u00e9es personnelles. Nous nous engageons \u00e0 respecter la confidentialit\u00e9 et la s\u00e9curit\u00e9 de vos donn\u00e9es personnelles conform\u00e9ment aux lois applicables sur la protection des donn\u00e9es.<\/strong><\/p><p><span style=\"text-decoration: underline;\"><strong>2-Collecte des donn\u00e9es personnelles<\/strong><\/span><\/p><p><strong>Nous collectons uniquement les donn\u00e9es personnelles n\u00e9cessaires \u00e0 la fourniture de nos services et au respect de nos obligations contractuelles envers nos clients. Les donn\u00e9es personnelles pertinentes peuvent inclure, sans s&rsquo;y limiter, les informations suivantes :<\/strong><\/p><p><strong>Nom, pr\u00e9nom et coordonn\u00e9es de contact (adresse e-mail, num\u00e9ro de t\u00e9l\u00e9phone, etc.)<\/strong><\/p><p><strong>Informations de facturation et de paiement<\/strong><\/p><p><strong>Informations n\u00e9cessaires \u00e0 la prestation de nos services<\/strong><\/p><p><strong>Information n\u00e9cessaire pour les dossiers concernant l\u2019aviation civile<\/strong><\/p><p><span style=\"text-decoration: underline;\"><strong>3-Utilisation des donn\u00e9es personnelles<\/strong><\/span><\/p><p><strong>Nous utilisons les donn\u00e9es personnelles des clients dans le but de :<\/strong><\/p><p><strong>Fournir les services demand\u00e9s et g\u00e9rer les comptes clients<\/strong><\/p><p><strong>Communiquer avec les clients concernant les services et les mises \u00e0 jour<\/strong><\/p><p><strong>R\u00e9pondre aux demandes et aux questions des clients<\/strong><\/p><p><strong>Am\u00e9liorer nos services et personnaliser l&rsquo;exp\u00e9rience client<\/strong><\/p><p><span style=\"text-decoration: underline;\"><strong>4-Divulgation des donn\u00e9es personnelles<\/strong><\/span><\/p><p><strong>Nous ne divulguons pas les donn\u00e9es personnelles des clients \u00e0 des tiers, sauf dans les cas suivants :<\/strong><\/p><p><strong>Si cela est n\u00e9cessaire pour la prestation des services demand\u00e9s par le client<\/strong><\/p><p><strong>Si cela est requis par la loi ou dans le cadre d&rsquo;une proc\u00e9dure l\u00e9gale<\/strong><\/p><p><strong>Si cela est n\u00e9cessaire pour prot\u00e9ger nos droits, notre s\u00e9curit\u00e9 ou notre propri\u00e9t\u00e9<\/strong><\/p><p><strong>Nous veillons \u00e0 ce que les tiers nous obligent \u00e0 divulguer des donn\u00e9es personnelles respectant les normes de confidentialit\u00e9 et de s\u00e9curit\u00e9 comparables.<\/strong><\/p><p><span style=\"text-decoration: underline;\"><strong>5-S\u00e9curit\u00e9 des donn\u00e9es<\/strong><\/span><\/p><p><strong>Nous utilisons en place des mesures de s\u00e9curit\u00e9 am\u00e9lior\u00e9es pour prot\u00e9ger les donn\u00e9es personnelles des clients contre tout acc\u00e8s non autoris\u00e9, toute divulgation, toute utilisation abusive, toute alt\u00e9ration ou toute destruction. Nous limitons l&rsquo;acc\u00e8s aux donn\u00e9es personnelles aux seules personnes ayant besoin d&rsquo;y acc\u00e9der pour remplir leurs fonctions.<\/strong><\/p><p><span style=\"text-decoration: underline;\"><strong>6-Conservation des donn\u00e9es<\/strong><\/span><\/p><p><strong>Nous conservons les donn\u00e9es personnelles des clients aussi longtemps que n\u00e9cessaire pour fournir nos services et respecter nos obligations l\u00e9gales. Une fois les donn\u00e9es personnelles plus n\u00e9cessaires, nous les effa\u00e7ons ou les anonymisons de mani\u00e8re s\u00e9curis\u00e9e.<\/strong><\/p><p><span style=\"text-decoration: underline;\"><strong>7-Droits des clients<\/strong><\/span><\/p><p><strong>Les clients ont certains droits sur leurs donn\u00e9es personnelles, y compris le droit d&rsquo;acc\u00e9der \u00e0 leurs donn\u00e9es, de les rectifier, de les supprimer, de limiter leur traitement et de s&rsquo;opposer \u00e0 leur traitement. Les clients peuvent exercer ces droits en nous contactant via les coordonn\u00e9es fournies ci-dessous.<\/strong><\/p><p><span style=\"text-decoration: underline;\"><strong>8-Modifications de la Charte<\/strong><\/span><\/p><p><strong>Nous pouvons modifier cette Charte de Protection des Donn\u00e9es de Client de temps \u00e0 autre. Les modifications seront publi\u00e9es sur notre site Web et entreront en vigueur d\u00e8s leur publication. Les clients sont encourag\u00e9s \u00e0 consulter r\u00e9guli\u00e8rement cette Charte pour se tenir inform\u00e9s des mises \u00e0 jour.<\/strong><\/p><p><span style=\"text-decoration: underline;\"><strong>9-Nous contacter<\/strong><\/span><\/p><p><strong>Si vous avez des questions, des pr\u00e9occupations ou des demandes concernant cette Charte ou vos donn\u00e9es personnelles, veuillez nous contacter \u00e0 l&rsquo;adresse suivante :<\/strong><\/p><p><strong>perle@drone-pro360.com<\/strong><\/p><p><strong>Date d&rsquo;entr\u00e9e en vigueur le 1 janvier 2023<\/strong><\/p>\t\t\t\t\t\t\t\t<\/div>\n\t\t\t\t<\/div>\n\t\t\t\t\t<\/div>\n\t\t<\/div>\n\t\t\t\t\t<\/div>\n\t\t<\/section>\n\t\t\t\t<\/div>\n\t\t","protected":false},"excerpt":{"rendered":"<p>Charte de Protection des Donn\u00e9es des Clients 1-Introduction Cette charte de protection des donn\u00e9es de client (la \u00ab\u00a0Charte\u00a0\u00bb) vise \u00e0 informer nos clients sur la mani\u00e8re dont nous collectons, utilisons, divulguons et prot\u00e9geons leurs donn\u00e9es personnelles. Nous nous engageons \u00e0 respecter la confidentialit\u00e9 et la s\u00e9curit\u00e9 de vos donn\u00e9es personnelles conform\u00e9ment aux lois applicables sur &hellip; <\/p>\n<p class=\"link-more\"><a href=\"https:\/\/www.preprod.drone-pro360.com\/index.php\/charte-de-protection-des-donnees-des-clients\/\" class=\"more-link\">Continuer la lecture<span class=\"screen-reader-text\"> de &laquo;&nbsp;Charte de Protection des Donn\u00e9es des Clients&nbsp;&raquo;<\/span><\/a><\/p>\n","protected":false},"author":3,"featured_media":0,"parent":0,"menu_order":0,"comment_status":"closed","ping_status":"closed","template":"","meta":{"footnotes":""},"class_list":["post-4065","page","type-page","status-publish","hentry"],"_links":{"self":[{"href":"https:\/\/www.preprod.drone-pro360.com\/index.php\/wp-json\/wp\/v2\/pages\/4065","targetHints":{"allow":["GET"]}}],"collection":[{"href":"https:\/\/www.preprod.drone-pro360.com\/index.php\/wp-json\/wp\/v2\/pages"}],"about":[{"href":"https:\/\/www.preprod.drone-pro360.com\/index.php\/wp-json\/wp\/v2\/types\/page"}],"author":[{"embeddable":true,"href":"https:\/\/www.preprod.drone-pro360.com\/index.php\/wp-json\/wp\/v2\/users\/3"}],"replies":[{"embeddable":true,"href":"https:\/\/www.preprod.drone-pro360.com\/index.php\/wp-json\/wp\/v2\/comments?post=4065"}],"version-history":[{"count":4,"href":"https:\/\/www.preprod.drone-pro360.com\/index.php\/wp-json\/wp\/v2\/pages\/4065\/revisions"}],"predecessor-version":[{"id":4070,"href":"https:\/\/www.preprod.drone-pro360.com\/index.php\/wp-json\/wp\/v2\/pages\/4065\/revisions\/4070"}],"wp:attachment":[{"href":"https:\/\/www.preprod.drone-pro360.com\/index.php\/wp-json\/wp\/v2\/media?parent=4065"}],"curies":[{"name":"wp","href":"https:\/\/api.w.org\/{rel}","templated":true}]}}