{"id":4857,"date":"2024-06-19T08:25:15","date_gmt":"2024-06-19T07:25:15","guid":{"rendered":"https:\/\/www.preprod.drone-pro360.com\/?page_id=4857"},"modified":"2024-06-19T08:49:33","modified_gmt":"2024-06-19T07:49:33","slug":"nettoyage-panneaux-solaire","status":"publish","type":"page","link":"https:\/\/www.preprod.drone-pro360.com\/index.php\/nettoyage-panneaux-solaire\/","title":{"rendered":"Nettoyage Panneaux Solaire"},"content":{"rendered":"\t\t<div data-elementor-type=\"wp-page\" data-elementor-id=\"4857\" class=\"elementor elementor-4857\" data-elementor-post-type=\"page\">\n\t\t\t\t\t\t<section class=\"elementor-section elementor-top-section elementor-element elementor-element-4b811d29 elementor-section-content-middle elementor-reverse-mobile elementor-section-stretched elementor-section-boxed elementor-section-height-default elementor-section-height-default\" data-id=\"4b811d29\" data-element_type=\"section\" data-e-type=\"section\" data-settings=\"{&quot;stretch_section&quot;:&quot;section-stretched&quot;}\">\n\t\t\t\t\t\t<div class=\"elementor-container elementor-column-gap-no\">\n\t\t\t\t\t<div class=\"elementor-column elementor-col-50 elementor-top-column elementor-element elementor-element-7e48484e\" data-id=\"7e48484e\" data-element_type=\"column\" data-e-type=\"column\">\n\t\t\t<div class=\"elementor-widget-wrap elementor-element-populated\">\n\t\t\t\t\t\t<div class=\"elementor-element elementor-element-2dcb5eb6 elementor-widget__width-initial elementor-widget elementor-widget-heading\" data-id=\"2dcb5eb6\" data-element_type=\"widget\" data-e-type=\"widget\" data-widget_type=\"heading.default\">\n\t\t\t\t<div class=\"elementor-widget-container\">\n\t\t\t\t\t<h4 class=\"elementor-heading-title elementor-size-default\">Nettoyage Panneaux Solaire<\/h4>\t\t\t\t<\/div>\n\t\t\t\t<\/div>\n\t\t\t\t<div class=\"elementor-element elementor-element-2d1d4394 elementor-widget__width-initial elementor-widget elementor-widget-text-editor\" data-id=\"2d1d4394\" data-element_type=\"widget\" data-e-type=\"widget\" data-widget_type=\"text-editor.default\">\n\t\t\t\t<div class=\"elementor-widget-container\">\n\t\t\t\t\t\t\t\t\t<p><b>Un nettoyage r\u00e9gulier (2 fois par an) sur vos panneaux solaires limite le risque de perte de rendement !!!\u00a0<\/b><\/p><p><b>Gr\u00e2ce \u00e0 Drone Pro 360, b\u00e9n\u00e9ficiez d&rsquo;un nettoyage innovant par drone utilisant des produits \u00e9co-certifi\u00e9s !<\/b><\/p><p><img decoding=\"async\" class=\"emoji\" role=\"img\" draggable=\"false\" src=\"https:\/\/s.w.org\/images\/core\/emoji\/15.0.3\/svg\/1f4cd.svg\" alt=\"\ud83d\udccd\" \/>R\u00e9duisez les risques de dommages \u00e0 vos panneaux<br \/><img decoding=\"async\" class=\"emoji\" role=\"img\" draggable=\"false\" src=\"https:\/\/s.w.org\/images\/core\/emoji\/15.0.3\/svg\/1f4cd.svg\" alt=\"\ud83d\udccd\" \/>Pr\u00e9venez les accidents de chute<br \/><img decoding=\"async\" class=\"emoji\" role=\"img\" draggable=\"false\" src=\"https:\/\/s.w.org\/images\/core\/emoji\/15.0.3\/svg\/1f4cd.svg\" alt=\"\ud83d\udccd\" \/>Impact environnemental minimal<br \/><img decoding=\"async\" class=\"emoji\" role=\"img\" draggable=\"false\" src=\"https:\/\/s.w.org\/images\/core\/emoji\/15.0.3\/svg\/1f4cd.svg\" alt=\"\ud83d\udccd\" \/>Tarifs tr\u00e8s comp\u00e9titifs compar\u00e9s aux m\u00e9thodes traditionnelles<br \/><img decoding=\"async\" class=\"emoji\" role=\"img\" draggable=\"false\" src=\"https:\/\/s.w.org\/images\/core\/emoji\/15.0.3\/svg\/1f4cd.svg\" alt=\"\ud83d\udccd\" \/>Intervention rapide et r\u00e9sultats imm\u00e9diats<\/p><p>N&rsquo;attendez plus ! Contactez-nous d\u00e8s maintenant.<\/p>\t\t\t\t\t\t\t\t<\/div>\n\t\t\t\t<\/div>\n\t\t\t\t<div class=\"elementor-element elementor-element-439b065a elementor-widget elementor-widget-button\" data-id=\"439b065a\" data-element_type=\"widget\" data-e-type=\"widget\" data-widget_type=\"button.default\">\n\t\t\t\t<div class=\"elementor-widget-container\">\n\t\t\t\t\t\t\t\t\t<div class=\"elementor-button-wrapper\">\n\t\t\t\t\t<a class=\"elementor-button elementor-button-link elementor-size-sm elementor-animation-grow\" href=\"https:\/\/www.preprod.drone-pro360.com\/index.php\/contact\/\" target=\"_blank\">\n\t\t\t\t\t\t<span class=\"elementor-button-content-wrapper\">\n\t\t\t\t\t\t\t\t\t<span class=\"elementor-button-text\">contact<\/span>\n\t\t\t\t\t<\/span>\n\t\t\t\t\t<\/a>\n\t\t\t\t<\/div>\n\t\t\t\t\t\t\t\t<\/div>\n\t\t\t\t<\/div>\n\t\t\t\t\t<\/div>\n\t\t<\/div>\n\t\t\t\t<div class=\"elementor-column elementor-col-50 elementor-top-column elementor-element elementor-element-52a2c0fe\" data-id=\"52a2c0fe\" data-element_type=\"column\" data-e-type=\"column\">\n\t\t\t<div class=\"elementor-widget-wrap elementor-element-populated\">\n\t\t\t\t\t\t<div class=\"elementor-element elementor-element-16b33a5 elementor-widget elementor-widget-image\" data-id=\"16b33a5\" data-element_type=\"widget\" data-e-type=\"widget\" data-widget_type=\"image.default\">\n\t\t\t\t<div class=\"elementor-widget-container\">\n\t\t\t\t\t\t\t\t\t\t\t\t\t\t\t<img fetchpriority=\"high\" decoding=\"async\" width=\"480\" height=\"480\" src=\"https:\/\/www.preprod.drone-pro360.com\/wp-content\/uploads\/2024\/06\/a6ed78db-c65f-49c7-a45c-96ed92a10ca7.webp\" class=\"attachment-large size-large wp-image-4861\" alt=\"\" srcset=\"https:\/\/www.preprod.drone-pro360.com\/wp-content\/uploads\/2024\/06\/a6ed78db-c65f-49c7-a45c-96ed92a10ca7.webp 480w, https:\/\/www.preprod.drone-pro360.com\/wp-content\/uploads\/2024\/06\/a6ed78db-c65f-49c7-a45c-96ed92a10ca7-300x300.webp 300w, https:\/\/www.preprod.drone-pro360.com\/wp-content\/uploads\/2024\/06\/a6ed78db-c65f-49c7-a45c-96ed92a10ca7-150x150.webp 150w, https:\/\/www.preprod.drone-pro360.com\/wp-content\/uploads\/2024\/06\/a6ed78db-c65f-49c7-a45c-96ed92a10ca7-100x100.webp 100w\" sizes=\"100vw\" \/>\t\t\t\t\t\t\t\t\t\t\t\t\t\t\t<\/div>\n\t\t\t\t<\/div>\n\t\t\t\t\t<\/div>\n\t\t<\/div>\n\t\t\t\t\t<\/div>\n\t\t<\/section>\n\t\t\t\t<\/div>\n\t\t","protected":false},"excerpt":{"rendered":"<p>Nettoyage Panneaux Solaire Un nettoyage r\u00e9gulier (2 fois par an) sur vos panneaux solaires limite le risque de perte de rendement !!!\u00a0 Gr\u00e2ce \u00e0 Drone Pro 360, b\u00e9n\u00e9ficiez d&rsquo;un nettoyage innovant par drone utilisant des produits \u00e9co-certifi\u00e9s ! R\u00e9duisez les risques de dommages \u00e0 vos panneauxPr\u00e9venez les accidents de chuteImpact environnemental minimalTarifs tr\u00e8s comp\u00e9titifs compar\u00e9s &hellip; <\/p>\n<p class=\"link-more\"><a href=\"https:\/\/www.preprod.drone-pro360.com\/index.php\/nettoyage-panneaux-solaire\/\" class=\"more-link\">Continuer la lecture<span class=\"screen-reader-text\"> de &laquo;&nbsp;Nettoyage Panneaux Solaire&nbsp;&raquo;<\/span><\/a><\/p>\n","protected":false},"author":3,"featured_media":0,"parent":0,"menu_order":0,"comment_status":"closed","ping_status":"closed","template":"","meta":{"footnotes":""},"class_list":["post-4857","page","type-page","status-publish","hentry"],"_links":{"self":[{"href":"https:\/\/www.preprod.drone-pro360.com\/index.php\/wp-json\/wp\/v2\/pages\/4857","targetHints":{"allow":["GET"]}}],"collection":[{"href":"https:\/\/www.preprod.drone-pro360.com\/index.php\/wp-json\/wp\/v2\/pages"}],"about":[{"href":"https:\/\/www.preprod.drone-pro360.com\/index.php\/wp-json\/wp\/v2\/types\/page"}],"author":[{"embeddable":true,"href":"https:\/\/www.preprod.drone-pro360.com\/index.php\/wp-json\/wp\/v2\/users\/3"}],"replies":[{"embeddable":true,"href":"https:\/\/www.preprod.drone-pro360.com\/index.php\/wp-json\/wp\/v2\/comments?post=4857"}],"version-history":[{"count":13,"href":"https:\/\/www.preprod.drone-pro360.com\/index.php\/wp-json\/wp\/v2\/pages\/4857\/revisions"}],"predecessor-version":[{"id":4874,"href":"https:\/\/www.preprod.drone-pro360.com\/index.php\/wp-json\/wp\/v2\/pages\/4857\/revisions\/4874"}],"wp:attachment":[{"href":"https:\/\/www.preprod.drone-pro360.com\/index.php\/wp-json\/wp\/v2\/media?parent=4857"}],"curies":[{"name":"wp","href":"https:\/\/api.w.org\/{rel}","templated":true}]}}