{"id":4891,"date":"2024-06-21T12:50:57","date_gmt":"2024-06-21T11:50:57","guid":{"rendered":"https:\/\/www.preprod.drone-pro360.com\/?page_id=4891"},"modified":"2024-06-21T14:28:52","modified_gmt":"2024-06-21T13:28:52","slug":"inspection-technique-2","status":"publish","type":"page","link":"https:\/\/www.preprod.drone-pro360.com\/index.php\/inspection-technique-2\/","title":{"rendered":"INSPECTION TECHNIQUE"},"content":{"rendered":"\t\t<div data-elementor-type=\"wp-page\" data-elementor-id=\"4891\" class=\"elementor elementor-4891\" data-elementor-post-type=\"page\">\n\t\t\t\t\t\t<section class=\"elementor-section elementor-top-section elementor-element elementor-element-205298ee elementor-section-content-middle elementor-section-stretched elementor-section-boxed elementor-section-height-default elementor-section-height-default\" data-id=\"205298ee\" data-element_type=\"section\" data-e-type=\"section\" data-settings=\"{&quot;stretch_section&quot;:&quot;section-stretched&quot;}\">\n\t\t\t\t\t\t<div class=\"elementor-container elementor-column-gap-no\">\n\t\t\t\t\t<div class=\"elementor-column elementor-col-33 elementor-top-column elementor-element elementor-element-7dc0ae74\" data-id=\"7dc0ae74\" data-element_type=\"column\" data-e-type=\"column\">\n\t\t\t<div class=\"elementor-widget-wrap elementor-element-populated\">\n\t\t\t\t\t\t<div class=\"elementor-element elementor-element-ebc0549 elementor-widget elementor-widget-heading\" data-id=\"ebc0549\" data-element_type=\"widget\" data-e-type=\"widget\" data-widget_type=\"heading.default\">\n\t\t\t\t<div class=\"elementor-widget-container\">\n\t\t\t\t\t<h3 class=\"elementor-heading-title elementor-size-default\">INSPECTION TECHNIQUE<\/h3>\t\t\t\t<\/div>\n\t\t\t\t<\/div>\n\t\t\t\t<div class=\"elementor-element elementor-element-94ddadd elementor-widget__width-initial elementor-widget elementor-widget-image\" data-id=\"94ddadd\" data-element_type=\"widget\" data-e-type=\"widget\" data-widget_type=\"image.default\">\n\t\t\t\t<div class=\"elementor-widget-container\">\n\t\t\t\t\t\t\t\t\t\t\t\t\t\t\t<img fetchpriority=\"high\" decoding=\"async\" width=\"525\" height=\"295\" src=\"https:\/\/www.preprod.drone-pro360.com\/wp-content\/uploads\/2024\/06\/DJI_0693-1024x576.jpg\" class=\"attachment-large size-large wp-image-4909\" alt=\"\" srcset=\"https:\/\/www.preprod.drone-pro360.com\/wp-content\/uploads\/2024\/06\/DJI_0693-1024x576.jpg 1024w, https:\/\/www.preprod.drone-pro360.com\/wp-content\/uploads\/2024\/06\/DJI_0693-300x169.jpg 300w, https:\/\/www.preprod.drone-pro360.com\/wp-content\/uploads\/2024\/06\/DJI_0693-768x432.jpg 768w, https:\/\/www.preprod.drone-pro360.com\/wp-content\/uploads\/2024\/06\/DJI_0693-1536x864.jpg 1536w, https:\/\/www.preprod.drone-pro360.com\/wp-content\/uploads\/2024\/06\/DJI_0693-2048x1152.jpg 2048w\" sizes=\"100vw\" \/>\t\t\t\t\t\t\t\t\t\t\t\t\t\t\t<\/div>\n\t\t\t\t<\/div>\n\t\t\t\t\t<\/div>\n\t\t<\/div>\n\t\t\t\t<div class=\"elementor-column elementor-col-33 elementor-top-column elementor-element elementor-element-33241480\" data-id=\"33241480\" data-element_type=\"column\" data-e-type=\"column\">\n\t\t\t<div class=\"elementor-widget-wrap elementor-element-populated\">\n\t\t\t\t\t\t<div class=\"elementor-element elementor-element-7f49de09 elementor-widget elementor-widget-image\" data-id=\"7f49de09\" data-element_type=\"widget\" data-e-type=\"widget\" data-widget_type=\"image.default\">\n\t\t\t\t<div class=\"elementor-widget-container\">\n\t\t\t\t\t\t\t\t\t\t\t\t\t\t\t<img decoding=\"async\" width=\"2560\" height=\"1440\" src=\"https:\/\/www.preprod.drone-pro360.com\/wp-content\/uploads\/2022\/10\/DJI_0380-scaled.jpg\" class=\"elementor-animation-grow attachment-full size-full wp-image-728\" alt=\"\" srcset=\"https:\/\/www.preprod.drone-pro360.com\/wp-content\/uploads\/2022\/10\/DJI_0380-scaled.jpg 2560w, https:\/\/www.preprod.drone-pro360.com\/wp-content\/uploads\/2022\/10\/DJI_0380-300x169.jpg 300w, https:\/\/www.preprod.drone-pro360.com\/wp-content\/uploads\/2022\/10\/DJI_0380-1024x576.jpg 1024w, https:\/\/www.preprod.drone-pro360.com\/wp-content\/uploads\/2022\/10\/DJI_0380-768x432.jpg 768w, https:\/\/www.preprod.drone-pro360.com\/wp-content\/uploads\/2022\/10\/DJI_0380-1536x864.jpg 1536w, https:\/\/www.preprod.drone-pro360.com\/wp-content\/uploads\/2022\/10\/DJI_0380-2048x1152.jpg 2048w\" sizes=\"100vw\" \/>\t\t\t\t\t\t\t\t\t\t\t\t\t\t\t<\/div>\n\t\t\t\t<\/div>\n\t\t\t\t<div class=\"elementor-element elementor-element-3fe3440d elementor-widget elementor-widget-text-editor\" data-id=\"3fe3440d\" data-element_type=\"widget\" data-e-type=\"widget\" data-widget_type=\"text-editor.default\">\n\t\t\t\t<div class=\"elementor-widget-container\">\n\t\t\t\t\t\t\t\t\t<p>L&rsquo;utilisation de drones a\u00e9riens constitue une m\u00e9thode efficace et rapide pour l&rsquo;inspection des structures et des b\u00e2timents. Cette technologie permet un contr\u00f4le performant, une v\u00e9rification pr\u00e9cise et une surveillance minutieuse.\u00a0<\/p>\t\t\t\t\t\t\t\t<\/div>\n\t\t\t\t<\/div>\n\t\t\t\t<div class=\"elementor-element elementor-element-a3c0b6d elementor-align-center elementor-widget elementor-widget-button\" data-id=\"a3c0b6d\" data-element_type=\"widget\" data-e-type=\"widget\" data-widget_type=\"button.default\">\n\t\t\t\t<div class=\"elementor-widget-container\">\n\t\t\t\t\t\t\t\t\t<div class=\"elementor-button-wrapper\">\n\t\t\t\t\t<a class=\"elementor-button elementor-button-link elementor-size-sm\" href=\"#\">\n\t\t\t\t\t\t<span class=\"elementor-button-content-wrapper\">\n\t\t\t\t\t\t\t\t\t<span class=\"elementor-button-text\">CONTACTEZ-NOUS<\/span>\n\t\t\t\t\t<\/span>\n\t\t\t\t\t<\/a>\n\t\t\t\t<\/div>\n\t\t\t\t\t\t\t\t<\/div>\n\t\t\t\t<\/div>\n\t\t\t\t\t<\/div>\n\t\t<\/div>\n\t\t\t\t<div class=\"elementor-column elementor-col-33 elementor-top-column elementor-element elementor-element-1fd9d914\" data-id=\"1fd9d914\" data-element_type=\"column\" data-e-type=\"column\">\n\t\t\t<div class=\"elementor-widget-wrap elementor-element-populated\">\n\t\t\t\t\t\t<div class=\"elementor-element elementor-element-333be16d elementor-widget elementor-widget-text-editor\" data-id=\"333be16d\" data-element_type=\"widget\" data-e-type=\"widget\" data-widget_type=\"text-editor.default\">\n\t\t\t\t<div class=\"elementor-widget-container\">\n\t\t\t\t\t\t\t\t\t<p>L&rsquo;inspection technique par drone pr\u00e9sente des avantages \u00e9conomiques consid\u00e9rables tout en minimisant les perturbations des \u00e9quipements en fonctionnement.<\/p>\t\t\t\t\t\t\t\t<\/div>\n\t\t\t\t<\/div>\n\t\t\t\t<div class=\"elementor-element elementor-element-3dc32231 elementor-widget elementor-widget-image\" data-id=\"3dc32231\" data-element_type=\"widget\" data-e-type=\"widget\" data-widget_type=\"image.default\">\n\t\t\t\t<div class=\"elementor-widget-container\">\n\t\t\t\t\t\t\t\t\t\t\t\t\t\t\t<img decoding=\"async\" width=\"2560\" height=\"1440\" src=\"https:\/\/www.preprod.drone-pro360.com\/wp-content\/uploads\/2024\/06\/DJI_0688-scaled.jpg\" class=\"elementor-animation-grow attachment-full size-full wp-image-4897\" alt=\"\" srcset=\"https:\/\/www.preprod.drone-pro360.com\/wp-content\/uploads\/2024\/06\/DJI_0688-scaled.jpg 2560w, https:\/\/www.preprod.drone-pro360.com\/wp-content\/uploads\/2024\/06\/DJI_0688-300x169.jpg 300w, https:\/\/www.preprod.drone-pro360.com\/wp-content\/uploads\/2024\/06\/DJI_0688-1024x576.jpg 1024w, https:\/\/www.preprod.drone-pro360.com\/wp-content\/uploads\/2024\/06\/DJI_0688-768x432.jpg 768w, https:\/\/www.preprod.drone-pro360.com\/wp-content\/uploads\/2024\/06\/DJI_0688-1536x864.jpg 1536w, https:\/\/www.preprod.drone-pro360.com\/wp-content\/uploads\/2024\/06\/DJI_0688-2048x1152.jpg 2048w\" sizes=\"100vw\" \/>\t\t\t\t\t\t\t\t\t\t\t\t\t\t\t<\/div>\n\t\t\t\t<\/div>\n\t\t\t\t\t<\/div>\n\t\t<\/div>\n\t\t\t\t\t<\/div>\n\t\t<\/section>\n\t\t\t\t<section class=\"elementor-section elementor-top-section elementor-element elementor-element-16226cd elementor-section-stretched elementor-section-boxed elementor-section-height-default elementor-section-height-default\" data-id=\"16226cd\" data-element_type=\"section\" data-e-type=\"section\" data-settings=\"{&quot;stretch_section&quot;:&quot;section-stretched&quot;}\">\n\t\t\t\t\t\t<div class=\"elementor-container elementor-column-gap-default\">\n\t\t\t\t\t<div class=\"elementor-column elementor-col-33 elementor-top-column elementor-element elementor-element-63c87ef\" data-id=\"63c87ef\" data-element_type=\"column\" data-e-type=\"column\">\n\t\t\t<div class=\"elementor-widget-wrap elementor-element-populated\">\n\t\t\t\t\t\t<div class=\"elementor-element elementor-element-78e319c elementor-view-default elementor-position-block-start elementor-mobile-position-block-start elementor-widget elementor-widget-icon-box\" data-id=\"78e319c\" data-element_type=\"widget\" data-e-type=\"widget\" data-widget_type=\"icon-box.default\">\n\t\t\t\t<div class=\"elementor-widget-container\">\n\t\t\t\t\t\t\t<div class=\"elementor-icon-box-wrapper\">\n\n\t\t\t\t\t\t<div class=\"elementor-icon-box-icon\">\n\t\t\t\t<span  class=\"elementor-icon\">\n\t\t\t\t<i aria-hidden=\"true\" class=\"fas fa-archway\"><\/i>\t\t\t\t<\/span>\n\t\t\t<\/div>\n\t\t\t\n\t\t\t\t\t\t<div class=\"elementor-icon-box-content\">\n\n\t\t\t\t\t\t\t\t\t<h4 class=\"elementor-icon-box-title\">\n\t\t\t\t\t\t<span  >\n\t\t\t\t\t\t\tInspection d'ouvrages d'art et de b\u00e2timents\t\t\t\t\t\t<\/span>\n\t\t\t\t\t<\/h4>\n\t\t\t\t\n\t\t\t\t\t\t\t\t\t<p class=\"elementor-icon-box-description\">\n\t\t\t\t\t\tNous effectuons des contr\u00f4les de ponts et de b\u00e2timents. Par exemple, l\u2019inspection de ch\u00e2teaux d\u2019eau ou de clochers peut \u00eatre suivie de chantiers de nettoyage et de d\u00e9moussage par drone selon les besoins.\t\t\t\t\t<\/p>\n\t\t\t\t\n\t\t\t<\/div>\n\t\t\t\n\t\t<\/div>\n\t\t\t\t\t\t<\/div>\n\t\t\t\t<\/div>\n\t\t\t\t\t<\/div>\n\t\t<\/div>\n\t\t\t\t<div class=\"elementor-column elementor-col-33 elementor-top-column elementor-element elementor-element-9cfb410\" data-id=\"9cfb410\" data-element_type=\"column\" data-e-type=\"column\">\n\t\t\t<div class=\"elementor-widget-wrap elementor-element-populated\">\n\t\t\t\t\t\t<div class=\"elementor-element elementor-element-b70388d elementor-view-default elementor-position-block-start elementor-mobile-position-block-start elementor-widget elementor-widget-icon-box\" data-id=\"b70388d\" data-element_type=\"widget\" data-e-type=\"widget\" data-widget_type=\"icon-box.default\">\n\t\t\t\t<div class=\"elementor-widget-container\">\n\t\t\t\t\t\t\t<div class=\"elementor-icon-box-wrapper\">\n\n\t\t\t\t\t\t<div class=\"elementor-icon-box-icon\">\n\t\t\t\t<span  class=\"elementor-icon\">\n\t\t\t\t<i aria-hidden=\"true\" class=\"fas fa-building\"><\/i>\t\t\t\t<\/span>\n\t\t\t<\/div>\n\t\t\t\n\t\t\t\t\t\t<div class=\"elementor-icon-box-content\">\n\n\t\t\t\t\t\t\t\t\t<h4 class=\"elementor-icon-box-title\">\n\t\t\t\t\t\t<span  >\n\t\t\t\t\t\t\tInspection de sites industriels classiques ou \u00e0 risques\t\t\t\t\t\t<\/span>\n\t\t\t\t\t<\/h4>\n\t\t\t\t\n\t\t\t\t\t\t\t\t\t<p class=\"elementor-icon-box-description\">\n\t\t\t\t\t\tPlus les \u00e9difices sont imposants, plus l'utilisation de drones devient essentielle !\n\nNous sommes sp\u00e9cialis\u00e9s dans l'inspection technique.\t\t\t\t\t<\/p>\n\t\t\t\t\n\t\t\t<\/div>\n\t\t\t\n\t\t<\/div>\n\t\t\t\t\t\t<\/div>\n\t\t\t\t<\/div>\n\t\t\t\t\t<\/div>\n\t\t<\/div>\n\t\t\t\t<div class=\"elementor-column elementor-col-33 elementor-top-column elementor-element elementor-element-e0db586\" data-id=\"e0db586\" data-element_type=\"column\" data-e-type=\"column\">\n\t\t\t<div class=\"elementor-widget-wrap elementor-element-populated\">\n\t\t\t\t\t\t<div class=\"elementor-element elementor-element-4d06a9c elementor-widget__width-initial elementor-view-default elementor-position-block-start elementor-mobile-position-block-start elementor-widget elementor-widget-icon-box\" data-id=\"4d06a9c\" data-element_type=\"widget\" data-e-type=\"widget\" data-widget_type=\"icon-box.default\">\n\t\t\t\t<div class=\"elementor-widget-container\">\n\t\t\t\t\t\t\t<div class=\"elementor-icon-box-wrapper\">\n\n\t\t\t\t\t\t<div class=\"elementor-icon-box-icon\">\n\t\t\t\t<span  class=\"elementor-icon\">\n\t\t\t\t<i aria-hidden=\"true\" class=\"fas fa-house-user\"><\/i>\t\t\t\t<\/span>\n\t\t\t<\/div>\n\t\t\t\n\t\t\t\t\t\t<div class=\"elementor-icon-box-content\">\n\n\t\t\t\t\t\t\t\t\t<h4 class=\"elementor-icon-box-title\">\n\t\t\t\t\t\t<span  >\n\t\t\t\t\t\t\tConstatations pour assurance apr\u00e8s sinistres\t\t\t\t\t\t<\/span>\n\t\t\t\t\t<\/h4>\n\t\t\t\t\n\t\t\t\t\t\t\t\t\t<p class=\"elementor-icon-box-description\">\n\t\t\t\t\t\tUne inspection visuelle de toiture permet de v\u00e9rifier l\u2019\u00e9tat g\u00e9n\u00e9ral de la couverture (tuiles, ardoises, bac acier) pour rep\u00e9rer les zones endommag\u00e9es et les sources potentielles de fuites. Elle identifie les points faibles et pr\u00e9vient les d\u00e9gradations futures. Apr\u00e8s un sinistre caus\u00e9 par une temp\u00eate ou un orage, cette inspection permet de documenter les d\u00e9g\u00e2ts avec des photos, utiles aux experts en assurance pour \u00e9valuer les travaux n\u00e9cessaires.\t\t\t\t\t<\/p>\n\t\t\t\t\n\t\t\t<\/div>\n\t\t\t\n\t\t<\/div>\n\t\t\t\t\t\t<\/div>\n\t\t\t\t<\/div>\n\t\t\t\t\t<\/div>\n\t\t<\/div>\n\t\t\t\t\t<\/div>\n\t\t<\/section>\n\t\t\t\t<section class=\"elementor-section elementor-top-section elementor-element elementor-element-4f9b661 elementor-section-stretched elementor-section-boxed elementor-section-height-default elementor-section-height-default\" data-id=\"4f9b661\" data-element_type=\"section\" data-e-type=\"section\" data-settings=\"{&quot;stretch_section&quot;:&quot;section-stretched&quot;}\">\n\t\t\t\t\t\t<div class=\"elementor-container elementor-column-gap-default\">\n\t\t\t\t\t<div class=\"elementor-column elementor-col-100 elementor-top-column elementor-element elementor-element-42778ee\" data-id=\"42778ee\" data-element_type=\"column\" data-e-type=\"column\">\n\t\t\t<div class=\"elementor-widget-wrap elementor-element-populated\">\n\t\t\t\t\t\t<div class=\"elementor-element elementor-element-e7c9b35 elementor-widget-divider--separator-type-pattern elementor-widget-divider--no-spacing elementor-widget-divider--view-line elementor-widget elementor-widget-divider\" data-id=\"e7c9b35\" data-element_type=\"widget\" data-e-type=\"widget\" data-widget_type=\"divider.default\">\n\t\t\t\t<div class=\"elementor-widget-container\">\n\t\t\t\t\t\t\t<div class=\"elementor-divider\" style=\"--divider-pattern-url: url(&quot;data:image\/svg+xml,%3Csvg xmlns=&#039;http:\/\/www.w3.org\/2000\/svg&#039; preserveAspectRatio=&#039;xMidYMid meet&#039; overflow=&#039;visible&#039; height=&#039;100%&#039; viewBox=&#039;0 0 126 26&#039; fill=&#039;black&#039; stroke=&#039;none&#039;%3E%3Cpath d=&#039;M3,10.2c2.6,0,2.6,2,2.6,3.2S4.4,16.5,3,16.5s-3-1.4-3-3.2S0.4,10.2,3,10.2z M18.8,10.2c1.7,0,3.2,1.4,3.2,3.2s-1.4,3.2-3.2,3.2c-1.7,0-3.2-1.4-3.2-3.2S17,10.2,18.8,10.2z M34.6,10.2c1.5,0,2.6,1.4,2.6,3.2s-0.5,3.2-1.9,3.2c-1.5,0-3.4-1.4-3.4-3.2S33.1,10.2,34.6,10.2z M50.5,10.2c1.7,0,3.2,1.4,3.2,3.2s-1.4,3.2-3.2,3.2c-1.7,0-3.3-0.9-3.3-2.6S48.7,10.2,50.5,10.2z M66.2,10.2c1.5,0,3.4,1.4,3.4,3.2s-1.9,3.2-3.4,3.2c-1.5,0-2.6-0.4-2.6-2.1S64.8,10.2,66.2,10.2z M82.2,10.2c1.7,0.8,2.6,1.4,2.6,3.2s-0.1,3.2-1.6,3.2c-1.5,0-3.7-1.4-3.7-3.2S80.5,9.4,82.2,10.2zM98.6,10.2c1.5,0,2.6,0.4,2.6,2.1s-1.2,4.2-2.6,4.2c-1.5,0-3.7-0.4-3.7-2.1S97.1,10.2,98.6,10.2z M113.4,10.2c1.2,0,2.2,0.9,2.2,3.2s-0.1,3.2-1.3,3.2s-3.1-1.4-3.1-3.2S112.2,10.2,113.4,10.2z&#039;\/%3E%3C\/svg%3E&quot;);\">\n\t\t\t<span class=\"elementor-divider-separator\">\n\t\t\t\t\t\t<\/span>\n\t\t<\/div>\n\t\t\t\t\t\t<\/div>\n\t\t\t\t<\/div>\n\t\t\t\t\t<\/div>\n\t\t<\/div>\n\t\t\t\t\t<\/div>\n\t\t<\/section>\n\t\t\t\t<\/div>\n\t\t","protected":false},"excerpt":{"rendered":"<p>INSPECTION TECHNIQUE L&rsquo;utilisation de drones a\u00e9riens constitue une m\u00e9thode efficace et rapide pour l&rsquo;inspection des structures et des b\u00e2timents. Cette technologie permet un contr\u00f4le performant, une v\u00e9rification pr\u00e9cise et une surveillance minutieuse.\u00a0 CONTACTEZ-NOUS L&rsquo;inspection technique par drone pr\u00e9sente des avantages \u00e9conomiques consid\u00e9rables tout en minimisant les perturbations des \u00e9quipements en fonctionnement. Inspection d&rsquo;ouvrages d&rsquo;art et &hellip; <\/p>\n<p class=\"link-more\"><a href=\"https:\/\/www.preprod.drone-pro360.com\/index.php\/inspection-technique-2\/\" class=\"more-link\">Continuer la lecture<span class=\"screen-reader-text\"> de &laquo;&nbsp;INSPECTION TECHNIQUE&nbsp;&raquo;<\/span><\/a><\/p>\n","protected":false},"author":3,"featured_media":0,"parent":0,"menu_order":0,"comment_status":"closed","ping_status":"closed","template":"","meta":{"footnotes":""},"class_list":["post-4891","page","type-page","status-publish","hentry"],"_links":{"self":[{"href":"https:\/\/www.preprod.drone-pro360.com\/index.php\/wp-json\/wp\/v2\/pages\/4891","targetHints":{"allow":["GET"]}}],"collection":[{"href":"https:\/\/www.preprod.drone-pro360.com\/index.php\/wp-json\/wp\/v2\/pages"}],"about":[{"href":"https:\/\/www.preprod.drone-pro360.com\/index.php\/wp-json\/wp\/v2\/types\/page"}],"author":[{"embeddable":true,"href":"https:\/\/www.preprod.drone-pro360.com\/index.php\/wp-json\/wp\/v2\/users\/3"}],"replies":[{"embeddable":true,"href":"https:\/\/www.preprod.drone-pro360.com\/index.php\/wp-json\/wp\/v2\/comments?post=4891"}],"version-history":[{"count":16,"href":"https:\/\/www.preprod.drone-pro360.com\/index.php\/wp-json\/wp\/v2\/pages\/4891\/revisions"}],"predecessor-version":[{"id":4926,"href":"https:\/\/www.preprod.drone-pro360.com\/index.php\/wp-json\/wp\/v2\/pages\/4891\/revisions\/4926"}],"wp:attachment":[{"href":"https:\/\/www.preprod.drone-pro360.com\/index.php\/wp-json\/wp\/v2\/media?parent=4891"}],"curies":[{"name":"wp","href":"https:\/\/api.w.org\/{rel}","templated":true}]}}