{"id":5219,"date":"2024-10-10T09:49:42","date_gmt":"2024-10-10T08:49:42","guid":{"rendered":"https:\/\/www.preprod.drone-pro360.com\/?page_id=5219"},"modified":"2024-10-10T09:57:00","modified_gmt":"2024-10-10T08:57:00","slug":"modalites-examen-evaluation-finale","status":"publish","type":"page","link":"https:\/\/www.preprod.drone-pro360.com\/index.php\/modalites-examen-evaluation-finale\/","title":{"rendered":"Modalit\u00e9s Examen \u00e9valuation finale"},"content":{"rendered":"\t\t<div data-elementor-type=\"wp-page\" data-elementor-id=\"5219\" class=\"elementor elementor-5219\" data-elementor-post-type=\"page\">\n\t\t\t\t\t\t<section class=\"elementor-section elementor-top-section elementor-element elementor-element-7c3d32a2 elementor-section-content-middle elementor-section-stretched elementor-section-boxed elementor-section-height-default elementor-section-height-default\" data-id=\"7c3d32a2\" data-element_type=\"section\" data-e-type=\"section\" data-settings=\"{&quot;stretch_section&quot;:&quot;section-stretched&quot;}\">\n\t\t\t\t\t\t\t<div class=\"elementor-background-overlay\"><\/div>\n\t\t\t\t\t\t\t<div class=\"elementor-container elementor-column-gap-no\">\n\t\t\t\t\t<div class=\"elementor-column elementor-col-100 elementor-top-column elementor-element elementor-element-72fc052e\" data-id=\"72fc052e\" data-element_type=\"column\" data-e-type=\"column\">\n\t\t\t<div class=\"elementor-widget-wrap elementor-element-populated\">\n\t\t\t\t\t\t<div class=\"elementor-element elementor-element-60b5b155 elementor-view-default elementor-position-block-start elementor-mobile-position-block-start elementor-widget elementor-widget-icon-box\" data-id=\"60b5b155\" data-element_type=\"widget\" data-e-type=\"widget\" data-widget_type=\"icon-box.default\">\n\t\t\t\t<div class=\"elementor-widget-container\">\n\t\t\t\t\t\t\t<div class=\"elementor-icon-box-wrapper\">\n\n\t\t\t\t\t\t<div class=\"elementor-icon-box-icon\">\n\t\t\t\t<span  class=\"elementor-icon\">\n\t\t\t\t<i aria-hidden=\"true\" class=\"far fa-clipboard\"><\/i>\t\t\t\t<\/span>\n\t\t\t<\/div>\n\t\t\t\n\t\t\t\t\t\t<div class=\"elementor-icon-box-content\">\n\n\t\t\t\t\t\t\t\t\t<h4 class=\"elementor-icon-box-title\">\n\t\t\t\t\t\t<span  >\n\t\t\t\t\t\t\tDrone Pro 360\t\t\t\t\t\t<\/span>\n\t\t\t\t\t<\/h4>\n\t\t\t\t\n\t\t\t\t\t\t\t\t\t<p class=\"elementor-icon-box-description\">\n\t\t\t\t\t\tModalit\u00e9s  Examen \u00e9valuation finale\t\t\t\t\t<\/p>\n\t\t\t\t\n\t\t\t<\/div>\n\t\t\t\n\t\t<\/div>\n\t\t\t\t\t\t<\/div>\n\t\t\t\t<\/div>\n\t\t\t\t<div class=\"elementor-element elementor-element-5983eb8a elementor-widget elementor-widget-text-editor\" data-id=\"5983eb8a\" data-element_type=\"widget\" data-e-type=\"widget\" data-widget_type=\"text-editor.default\">\n\t\t\t\t<div class=\"elementor-widget-container\">\n\t\t\t\t\t\t\t\t\t<p><strong>Examen de 15 minutes<\/strong><br \/><strong>\u2022 Mise en situation : Le candidat re\u00e7oit un manuel d&rsquo;exploitation vierge, une description des activit\u00e9s de l&rsquo;entreprise (avec les sites d&rsquo;utilisation des drones), une liste des drones (UAS) et des employ\u00e9s.<\/strong><br \/><strong>\u2022 T\u00e2ches :<\/strong><br \/><strong>o D\u00e9finir l&rsquo;organisation interne.<\/strong><br \/><strong>o R\u00e9partir les responsabilit\u00e9s des encadrants.<\/strong><br \/><strong>o Compl\u00e9ter le manuel d&rsquo;exploitation (r\u00f4les, missions).<\/strong><br \/><strong>o Ajouter les qualifications des t\u00e9l\u00e9pilotes et v\u00e9rifier leurs comp\u00e9tences.<\/strong><br \/><strong>o Proposer les qualifications suppl\u00e9mentaires si besoin.<\/strong><br \/><strong>o Pr\u00e9senter oralement le processus de veille r\u00e9glementaire.<\/strong><br \/><strong>\u2022 R\u00e9partition du temps :<\/strong><br \/><strong>o 10 minutes d&rsquo;analyse.<\/strong><br \/><strong>o 5 minutes de pr\u00e9sentation orale.<\/strong><br \/><strong>Examen de 10 minutes<\/strong><br \/><strong>\u2022 Mise en situation : Le candidat re\u00e7oit un drone r\u00e9cemment acquis avec son manuel d&rsquo;entretien et doit pr\u00e9parer l&rsquo;entreprise pour son utilisation l\u00e9gale et technique.<\/strong><br \/><strong>\u2022 T\u00e2ches :<\/strong><br \/><strong>o Ajouter le drone et ses informations au manuel d&rsquo;exploitation.<\/strong><br \/><strong>o Identifier l&rsquo;assurance n\u00e9cessaire.<\/strong><br \/><strong>o Faire les d\u00e9clarations l\u00e9gales aupr\u00e8s des autorit\u00e9s.<\/strong><br \/><strong>o Effectuer le premier entretien du drone (mat\u00e9riel et logiciel).<\/strong><br \/><strong>Examen de 20 minutes<\/strong><br \/><strong>\u2022 Mise en situation : Le candidat re\u00e7oit un drone, un ordre de mission pour une prise de vue, et des proc\u00e9dures de vol non actualis\u00e9es.<\/strong><br \/><strong>\u2022 T\u00e2ches :<\/strong><br \/><strong>o V\u00e9rifier la conformit\u00e9 des proc\u00e9dures de vol avec la r\u00e9glementation en vigueur.<\/strong><br \/><strong>o Identifier des mesures suppl\u00e9mentaires pour renforcer la s\u00e9curit\u00e9.<\/strong><br \/><strong>o R\u00e9aliser le vol en suivant les proc\u00e9dures de pr\u00e9paration et de s\u00e9curit\u00e9.<\/strong><br \/><strong>o Effectuer les prises de vue comme indiqu\u00e9.<\/strong><br \/><strong>o R\u00e9agir \u00e0 une situation anormale pendant le vol en appliquant les proc\u00e9dures de s\u00e9curit\u00e9.<\/strong><\/p>\t\t\t\t\t\t\t\t<\/div>\n\t\t\t\t<\/div>\n\t\t\t\t\t<\/div>\n\t\t<\/div>\n\t\t\t\t\t<\/div>\n\t\t<\/section>\n\t\t\t\t<\/div>\n\t\t","protected":false},"excerpt":{"rendered":"<p>Drone Pro 360 Modalit\u00e9s Examen \u00e9valuation finale Examen de 15 minutes\u2022 Mise en situation : Le candidat re\u00e7oit un manuel d&rsquo;exploitation vierge, une description des activit\u00e9s de l&rsquo;entreprise (avec les sites d&rsquo;utilisation des drones), une liste des drones (UAS) et des employ\u00e9s.\u2022 T\u00e2ches \ud83d\ude2e D\u00e9finir l&rsquo;organisation interne.o R\u00e9partir les responsabilit\u00e9s des encadrants.o Compl\u00e9ter le manuel &hellip; <\/p>\n<p class=\"link-more\"><a href=\"https:\/\/www.preprod.drone-pro360.com\/index.php\/modalites-examen-evaluation-finale\/\" class=\"more-link\">Continuer la lecture<span class=\"screen-reader-text\"> de &laquo;&nbsp;Modalit\u00e9s Examen \u00e9valuation finale&nbsp;&raquo;<\/span><\/a><\/p>\n","protected":false},"author":3,"featured_media":0,"parent":0,"menu_order":0,"comment_status":"closed","ping_status":"closed","template":"","meta":{"footnotes":""},"class_list":["post-5219","page","type-page","status-publish","hentry"],"_links":{"self":[{"href":"https:\/\/www.preprod.drone-pro360.com\/index.php\/wp-json\/wp\/v2\/pages\/5219","targetHints":{"allow":["GET"]}}],"collection":[{"href":"https:\/\/www.preprod.drone-pro360.com\/index.php\/wp-json\/wp\/v2\/pages"}],"about":[{"href":"https:\/\/www.preprod.drone-pro360.com\/index.php\/wp-json\/wp\/v2\/types\/page"}],"author":[{"embeddable":true,"href":"https:\/\/www.preprod.drone-pro360.com\/index.php\/wp-json\/wp\/v2\/users\/3"}],"replies":[{"embeddable":true,"href":"https:\/\/www.preprod.drone-pro360.com\/index.php\/wp-json\/wp\/v2\/comments?post=5219"}],"version-history":[{"count":7,"href":"https:\/\/www.preprod.drone-pro360.com\/index.php\/wp-json\/wp\/v2\/pages\/5219\/revisions"}],"predecessor-version":[{"id":5226,"href":"https:\/\/www.preprod.drone-pro360.com\/index.php\/wp-json\/wp\/v2\/pages\/5219\/revisions\/5226"}],"wp:attachment":[{"href":"https:\/\/www.preprod.drone-pro360.com\/index.php\/wp-json\/wp\/v2\/media?parent=5219"}],"curies":[{"name":"wp","href":"https:\/\/api.w.org\/{rel}","templated":true}]}}